{"id":3188,"date":"2025-12-04T12:16:00","date_gmt":"2025-12-04T12:16:00","guid":{"rendered":"https:\/\/ofcdigitalsmart.com\/?page_id=3188"},"modified":"2025-12-05T16:52:18","modified_gmt":"2025-12-05T16:52:18","slug":"servicos-administrativo","status":"publish","type":"page","link":"https:\/\/ofcdigitalsmart.com\/pt\/servicos-administrativo\/","title":{"rendered":"Blog"},"content":{"rendered":"\t\t<div data-elementor-type=\"wp-page\" data-elementor-id=\"3188\" class=\"elementor elementor-3188\" data-elementor-post-type=\"page\">\n\t\t\t\t<div class=\"elementor-element elementor-element-f926bdd e-con-full e-flex wpr-particle-no wpr-jarallax-no wpr-parallax-no wpr-sticky-section-no wpr-equal-height-no e-con e-parent\" data-id=\"f926bdd\" data-element_type=\"container\" data-e-type=\"container\" data-settings=\"{&quot;background_background&quot;:&quot;classic&quot;,&quot;background_motion_fx_opacity_effect&quot;:&quot;yes&quot;,&quot;background_motion_fx_opacity_level&quot;:{&quot;unit&quot;:&quot;px&quot;,&quot;size&quot;:3,&quot;sizes&quot;:[]},&quot;background_motion_fx_blur_effect&quot;:&quot;yes&quot;,&quot;background_motion_fx_blur_level&quot;:{&quot;unit&quot;:&quot;px&quot;,&quot;size&quot;:4,&quot;sizes&quot;:[]},&quot;background_motion_fx_blur_range&quot;:{&quot;unit&quot;:&quot;%&quot;,&quot;size&quot;:&quot;&quot;,&quot;sizes&quot;:{&quot;start&quot;:32,&quot;end&quot;:100}},&quot;background_motion_fx_scale_effect&quot;:&quot;yes&quot;,&quot;animation&quot;:&quot;none&quot;,&quot;background_motion_fx_translateY_effect&quot;:&quot;yes&quot;,&quot;background_motion_fx_translateY_speed&quot;:{&quot;unit&quot;:&quot;px&quot;,&quot;size&quot;:10,&quot;sizes&quot;:[]},&quot;background_motion_fx_motion_fx_scrolling&quot;:&quot;yes&quot;,&quot;background_motion_fx_opacity_direction&quot;:&quot;out-in-out&quot;,&quot;background_motion_fx_motion_fx_mouse&quot;:&quot;yes&quot;,&quot;background_motion_fx_mouseTrack_effect&quot;:&quot;yes&quot;,&quot;background_motion_fx_mouseTrack_speed&quot;:{&quot;unit&quot;:&quot;px&quot;,&quot;size&quot;:1.4,&quot;sizes&quot;:[]},&quot;background_motion_fx_translateY_affectedRange&quot;:{&quot;unit&quot;:&quot;%&quot;,&quot;size&quot;:&quot;&quot;,&quot;sizes&quot;:{&quot;start&quot;:0,&quot;end&quot;:100}},&quot;background_motion_fx_opacity_range&quot;:{&quot;unit&quot;:&quot;%&quot;,&quot;size&quot;:&quot;&quot;,&quot;sizes&quot;:{&quot;start&quot;:20,&quot;end&quot;:80}},&quot;background_motion_fx_blur_direction&quot;:&quot;out-in&quot;,&quot;background_motion_fx_scale_direction&quot;:&quot;out-in&quot;,&quot;background_motion_fx_scale_speed&quot;:{&quot;unit&quot;:&quot;px&quot;,&quot;size&quot;:4,&quot;sizes&quot;:[]},&quot;background_motion_fx_scale_range&quot;:{&quot;unit&quot;:&quot;%&quot;,&quot;size&quot;:&quot;&quot;,&quot;sizes&quot;:{&quot;start&quot;:20,&quot;end&quot;:80}},&quot;background_motion_fx_devices&quot;:[&quot;desktop&quot;,&quot;tablet&quot;,&quot;mobile&quot;]}\">\n\t\t<div class=\"elementor-element elementor-element-c204230 e-con-full e-flex wpr-particle-no wpr-jarallax-no wpr-parallax-no wpr-sticky-section-no wpr-equal-height-no e-con e-child\" data-id=\"c204230\" data-element_type=\"container\" data-e-type=\"container\">\n\t\t\t\t<div class=\"elementor-element elementor-element-0365ea7 elementor-widget__width-inherit e-transform e-transform elementor-widget-mobile__width-initial elementor-align-center elementor-widget elementor-widget-lottie\" data-id=\"0365ea7\" data-element_type=\"widget\" data-e-type=\"widget\" data-settings=\"{&quot;source_json&quot;:{&quot;url&quot;:&quot;https:\\\/\\\/ofcdigitalsmart.com\\\/wp-content\\\/uploads\\\/2025\\\/12\\\/World.json&quot;,&quot;id&quot;:3320,&quot;size&quot;:&quot;&quot;,&quot;source&quot;:&quot;library&quot;,&quot;alt&quot;:&quot;&quot;},&quot;loop&quot;:&quot;yes&quot;,&quot;play_speed&quot;:{&quot;unit&quot;:&quot;px&quot;,&quot;size&quot;:0.5,&quot;sizes&quot;:[]},&quot;start_point&quot;:{&quot;unit&quot;:&quot;%&quot;,&quot;size&quot;:35,&quot;sizes&quot;:[]},&quot;_transform_translateX_effect_mobile&quot;:{&quot;unit&quot;:&quot;px&quot;,&quot;size&quot;:108,&quot;sizes&quot;:[]},&quot;_transform_translateY_effect_mobile&quot;:{&quot;unit&quot;:&quot;px&quot;,&quot;size&quot;:0,&quot;sizes&quot;:[]},&quot;_transform_scale_effect_mobile&quot;:{&quot;unit&quot;:&quot;px&quot;,&quot;size&quot;:2,&quot;sizes&quot;:[]},&quot;number_of_times&quot;:19,&quot;end_point&quot;:{&quot;unit&quot;:&quot;%&quot;,&quot;size&quot;:63,&quot;sizes&quot;:[]},&quot;lazyload&quot;:&quot;yes&quot;,&quot;source&quot;:&quot;media_file&quot;,&quot;caption_source&quot;:&quot;none&quot;,&quot;link_to&quot;:&quot;none&quot;,&quot;trigger&quot;:&quot;arriving_to_viewport&quot;,&quot;viewport&quot;:{&quot;unit&quot;:&quot;%&quot;,&quot;size&quot;:&quot;&quot;,&quot;sizes&quot;:{&quot;start&quot;:0,&quot;end&quot;:100}},&quot;renderer&quot;:&quot;svg&quot;,&quot;_transform_translateX_effect&quot;:{&quot;unit&quot;:&quot;px&quot;,&quot;size&quot;:&quot;&quot;,&quot;sizes&quot;:[]},&quot;_transform_translateX_effect_tablet&quot;:{&quot;unit&quot;:&quot;px&quot;,&quot;size&quot;:&quot;&quot;,&quot;sizes&quot;:[]},&quot;_transform_translateY_effect&quot;:{&quot;unit&quot;:&quot;px&quot;,&quot;size&quot;:&quot;&quot;,&quot;sizes&quot;:[]},&quot;_transform_translateY_effect_tablet&quot;:{&quot;unit&quot;:&quot;px&quot;,&quot;size&quot;:&quot;&quot;,&quot;sizes&quot;:[]},&quot;_transform_scale_effect&quot;:{&quot;unit&quot;:&quot;px&quot;,&quot;size&quot;:&quot;&quot;,&quot;sizes&quot;:[]},&quot;_transform_scale_effect_tablet&quot;:{&quot;unit&quot;:&quot;px&quot;,&quot;size&quot;:&quot;&quot;,&quot;sizes&quot;:[]}}\" data-widget_type=\"lottie.default\">\n\t\t\t\t\t<div class=\"e-lottie__container\"><div class=\"e-lottie__animation\"><\/div><\/div>\t\t\t\t<\/div>\n\t\t\t\t<\/div>\n\t\t<div class=\"elementor-element elementor-element-34b5cde e-con-full e-transform e-transform e-transform e-flex wpr-particle-no wpr-jarallax-no wpr-parallax-no wpr-sticky-section-no wpr-equal-height-no e-con e-child\" data-id=\"34b5cde\" data-element_type=\"container\" data-e-type=\"container\" data-settings=\"{&quot;_transform_translateX_effect_mobile&quot;:{&quot;unit&quot;:&quot;px&quot;,&quot;size&quot;:105,&quot;sizes&quot;:[]},&quot;_transform_scale_effect_mobile&quot;:{&quot;unit&quot;:&quot;px&quot;,&quot;size&quot;:0.8,&quot;sizes&quot;:[]},&quot;_transform_rotateZ_effect&quot;:{&quot;unit&quot;:&quot;px&quot;,&quot;size&quot;:&quot;&quot;,&quot;sizes&quot;:[]},&quot;_transform_rotateZ_effect_tablet&quot;:{&quot;unit&quot;:&quot;deg&quot;,&quot;size&quot;:&quot;&quot;,&quot;sizes&quot;:[]},&quot;_transform_rotateZ_effect_mobile&quot;:{&quot;unit&quot;:&quot;deg&quot;,&quot;size&quot;:&quot;&quot;,&quot;sizes&quot;:[]},&quot;_transform_translateX_effect&quot;:{&quot;unit&quot;:&quot;px&quot;,&quot;size&quot;:&quot;&quot;,&quot;sizes&quot;:[]},&quot;_transform_translateX_effect_tablet&quot;:{&quot;unit&quot;:&quot;px&quot;,&quot;size&quot;:&quot;&quot;,&quot;sizes&quot;:[]},&quot;_transform_translateY_effect&quot;:{&quot;unit&quot;:&quot;px&quot;,&quot;size&quot;:&quot;&quot;,&quot;sizes&quot;:[]},&quot;_transform_translateY_effect_tablet&quot;:{&quot;unit&quot;:&quot;px&quot;,&quot;size&quot;:&quot;&quot;,&quot;sizes&quot;:[]},&quot;_transform_translateY_effect_mobile&quot;:{&quot;unit&quot;:&quot;px&quot;,&quot;size&quot;:&quot;&quot;,&quot;sizes&quot;:[]},&quot;_transform_scale_effect&quot;:{&quot;unit&quot;:&quot;px&quot;,&quot;size&quot;:&quot;&quot;,&quot;sizes&quot;:[]},&quot;_transform_scale_effect_tablet&quot;:{&quot;unit&quot;:&quot;px&quot;,&quot;size&quot;:&quot;&quot;,&quot;sizes&quot;:[]}}\">\n\t\t\t\t<div class=\"elementor-element elementor-element-838a976 elementor-widget__width-initial elementor-widget elementor-widget-text-editor\" data-id=\"838a976\" data-element_type=\"widget\" data-e-type=\"widget\" data-widget_type=\"text-editor.default\">\n\t\t\t\t\t\t\t\t\t<p>Digital \u00e9 sobre pessoas \u2014 e aqui falamos sobre isso.<\/p>\t\t\t\t\t\t\t\t<\/div>\n\t\t\t\t<div class=\"elementor-element elementor-element-4b6c53f elementor-widget__width-initial elementor-widget elementor-widget-heading\" data-id=\"4b6c53f\" data-element_type=\"widget\" data-e-type=\"widget\" data-widget_type=\"heading.default\">\n\t\t\t\t\t<h2 class=\"elementor-heading-title elementor-size-default\">Insights para experi\u00eancias melhores, processos leves e tecnologia que faz sentido.<\/h2>\t\t\t\t<\/div>\n\t\t\t\t<div class=\"elementor-element elementor-element-558fef3 elementor-widget-mobile__width-initial elementor-hidden-mobile elementor-widget elementor-widget-text-editor\" data-id=\"558fef3\" data-element_type=\"widget\" data-e-type=\"widget\" data-widget_type=\"text-editor.default\">\n\t\t\t\t\t\t\t\t\t<p data-pm-slice=\"1 1 []\">Partilho aprendizagens, m\u00e9todos e insights que ajudam a construir neg\u00f3cios mais eficientes, humanos e preparados para o futuro.<\/p>\t\t\t\t\t\t\t\t<\/div>\n\t\t\t\t<div class=\"elementor-element elementor-element-60227af elementor-align-left elementor-widget__width-initial elementor-widget-mobile__width-initial elementor-hidden-mobile elementor-invisible elementor-widget elementor-widget-button\" data-id=\"60227af\" data-element_type=\"widget\" data-e-type=\"widget\" data-settings=\"{&quot;_animation&quot;:&quot;fadeIn&quot;}\" data-widget_type=\"button.default\">\n\t\t\t\t\t\t\t\t\t\t<a class=\"elementor-button elementor-button-link elementor-size-sm\" href=\"#artigos1\">\n\t\t\t\t\t\t<span class=\"elementor-button-content-wrapper\">\n\t\t\t\t\t\t\t\t\t<span class=\"elementor-button-text\">Ler artigos<\/span>\n\t\t\t\t\t<\/span>\n\t\t\t\t\t<\/a>\n\t\t\t\t\t\t\t\t<\/div>\n\t\t\t\t<div class=\"elementor-element elementor-element-daaf9e6 elementor-align-left elementor-widget__width-initial elementor-widget-mobile__width-initial elementor-hidden-desktop elementor-hidden-tablet elementor-invisible elementor-widget elementor-widget-button\" data-id=\"daaf9e6\" data-element_type=\"widget\" data-e-type=\"widget\" data-settings=\"{&quot;_animation&quot;:&quot;fadeIn&quot;}\" data-widget_type=\"button.default\">\n\t\t\t\t\t\t\t\t\t\t<a class=\"elementor-button elementor-button-link elementor-size-sm\" href=\"#artigos2\">\n\t\t\t\t\t\t<span class=\"elementor-button-content-wrapper\">\n\t\t\t\t\t\t\t\t\t<span class=\"elementor-button-text\">Ler artigos<\/span>\n\t\t\t\t\t<\/span>\n\t\t\t\t\t<\/a>\n\t\t\t\t\t\t\t\t<\/div>\n\t\t\t\t<\/div>\n\t\t\t\t<\/div>\n\t\t<div class=\"elementor-element elementor-element-85e391e elementor-hidden-mobile e-flex e-con-boxed wpr-particle-no wpr-jarallax-no wpr-parallax-no wpr-sticky-section-no wpr-equal-height-no e-con e-parent\" data-id=\"85e391e\" data-element_type=\"container\" data-e-type=\"container\" id=\"artigos1\" data-settings=\"{&quot;background_background&quot;:&quot;classic&quot;}\">\n\t\t\t\t\t<div class=\"e-con-inner\">\n\t\t\t\t\t<\/div>\n\t\t\t\t<\/div>\n\t\t<div class=\"elementor-element elementor-element-b939184 elementor-hidden-desktop elementor-hidden-tablet e-flex e-con-boxed wpr-particle-no wpr-jarallax-no wpr-parallax-no wpr-sticky-section-no wpr-equal-height-no e-con e-parent\" data-id=\"b939184\" data-element_type=\"container\" data-e-type=\"container\" id=\"artigos2\" data-settings=\"{&quot;background_background&quot;:&quot;classic&quot;}\">\n\t\t\t\t\t<div class=\"e-con-inner\">\n\t\t\t\t\t<\/div>\n\t\t\t\t<\/div>\n\t\t\t\t<\/div>\n\t\t","protected":false},"excerpt":{"rendered":"<p>Digital \u00e9 sobre pessoas \u2014 e aqui falamos sobre isso. Insights para experi\u00eancias melhores, processos leves e tecnologia que faz sentido. Partilho aprendizagens, m\u00e9todos e insights que ajudam a construir neg\u00f3cios mais eficientes, humanos e preparados para o futuro. Ler artigos Ler artigos<\/p>","protected":false},"author":1,"featured_media":0,"parent":0,"menu_order":0,"comment_status":"closed","ping_status":"closed","template":"","meta":{"_eb_attr":"","footnotes":""},"class_list":["post-3188","page","type-page","status-publish","hentry"],"yoast_head":"<!-- This site is optimized with the Yoast SEO plugin v27.3 - https:\/\/yoast.com\/product\/yoast-seo-wordpress\/ -->\n<title>Blog de marketing digital e IA para neg\u00f3cios modernos &#8212; Oficina Digital Smart +<\/title>\n<meta name=\"description\" content=\"Descubra o blog de marketing digital e ia para insights que ajudam a criar neg\u00f3cios mais eficientes e humanos.\" \/>\n<meta name=\"robots\" content=\"index, follow, max-snippet:-1, max-image-preview:large, max-video-preview:-1\" \/>\n<link rel=\"canonical\" href=\"https:\/\/ofcdigitalsmart.com\/pt\/servicos-administrativo\/\" \/>\n<meta property=\"og:locale\" content=\"pt_BR\" \/>\n<meta property=\"og:type\" content=\"article\" \/>\n<meta property=\"og:title\" content=\"Blog de marketing digital e IA para neg\u00f3cios modernos &#8212; Oficina Digital Smart +\" \/>\n<meta property=\"og:description\" content=\"Descubra o blog de marketing digital e ia para insights que ajudam a criar neg\u00f3cios mais eficientes e humanos.\" \/>\n<meta property=\"og:url\" content=\"https:\/\/ofcdigitalsmart.com\/pt\/servicos-administrativo\/\" \/>\n<meta property=\"og:site_name\" content=\"Oficina Digital Smart +\" \/>\n<meta property=\"article:modified_time\" content=\"2025-12-05T16:52:18+00:00\" \/>\n<meta property=\"og:image\" content=\"https:\/\/ofcdigitalsmart.com\/wp-content\/uploads\/2025\/11\/logo-fundo-transparente.png\" \/>\n\t<meta property=\"og:image:width\" content=\"512\" \/>\n\t<meta property=\"og:image:height\" content=\"512\" \/>\n\t<meta property=\"og:image:type\" content=\"image\/png\" \/>\n<meta name=\"twitter:card\" content=\"summary_large_image\" \/>\n<meta name=\"twitter:label1\" content=\"Est. tempo de leitura\" \/>\n\t<meta name=\"twitter:data1\" content=\"1 minuto\" \/>\n<script type=\"application\/ld+json\" class=\"yoast-schema-graph\">{\"@context\":\"https:\\\/\\\/schema.org\",\"@graph\":[{\"@type\":\"WebPage\",\"@id\":\"https:\\\/\\\/ofcdigitalsmart.com\\\/servicos-administrativo\\\/\",\"url\":\"https:\\\/\\\/ofcdigitalsmart.com\\\/servicos-administrativo\\\/\",\"name\":\"Blog de marketing digital e IA para neg\u00f3cios modernos &#8212; Oficina Digital Smart +\",\"isPartOf\":{\"@id\":\"https:\\\/\\\/ofcdigitalsmart.com\\\/#website\"},\"datePublished\":\"2025-12-04T12:16:00+00:00\",\"dateModified\":\"2025-12-05T16:52:18+00:00\",\"description\":\"Descubra o blog de marketing digital e ia para insights que ajudam a criar neg\u00f3cios mais eficientes e humanos.\",\"breadcrumb\":{\"@id\":\"https:\\\/\\\/ofcdigitalsmart.com\\\/servicos-administrativo\\\/#breadcrumb\"},\"inLanguage\":\"pt-BR\",\"potentialAction\":[{\"@type\":\"ReadAction\",\"target\":[\"https:\\\/\\\/ofcdigitalsmart.com\\\/servicos-administrativo\\\/\"]}]},{\"@type\":\"BreadcrumbList\",\"@id\":\"https:\\\/\\\/ofcdigitalsmart.com\\\/servicos-administrativo\\\/#breadcrumb\",\"itemListElement\":[{\"@type\":\"ListItem\",\"position\":1,\"name\":\"In\u00edcio\",\"item\":\"https:\\\/\\\/ofcdigitalsmart.com\\\/\"},{\"@type\":\"ListItem\",\"position\":2,\"name\":\"Blog\"}]},{\"@type\":\"WebSite\",\"@id\":\"https:\\\/\\\/ofcdigitalsmart.com\\\/#website\",\"url\":\"https:\\\/\\\/ofcdigitalsmart.com\\\/\",\"name\":\"Oficina Digital Smart+\",\"description\":\"Experi\u00eancias digitais simples, personalizadas e focadas em resultados.\",\"publisher\":{\"@id\":\"https:\\\/\\\/ofcdigitalsmart.com\\\/#organization\"},\"potentialAction\":[{\"@type\":\"SearchAction\",\"target\":{\"@type\":\"EntryPoint\",\"urlTemplate\":\"https:\\\/\\\/ofcdigitalsmart.com\\\/?s={search_term_string}\"},\"query-input\":{\"@type\":\"PropertyValueSpecification\",\"valueRequired\":true,\"valueName\":\"search_term_string\"}}],\"inLanguage\":\"pt-BR\"},{\"@type\":\"Organization\",\"@id\":\"https:\\\/\\\/ofcdigitalsmart.com\\\/#organization\",\"name\":\"Oficina Digital Smart+\",\"url\":\"https:\\\/\\\/ofcdigitalsmart.com\\\/\",\"logo\":{\"@type\":\"ImageObject\",\"inLanguage\":\"pt-BR\",\"@id\":\"https:\\\/\\\/ofcdigitalsmart.com\\\/#\\\/schema\\\/logo\\\/image\\\/\",\"url\":\"https:\\\/\\\/ofcdigitalsmart.com\\\/wp-content\\\/uploads\\\/2025\\\/11\\\/logo-oficial2-1.png\",\"contentUrl\":\"https:\\\/\\\/ofcdigitalsmart.com\\\/wp-content\\\/uploads\\\/2025\\\/11\\\/logo-oficial2-1.png\",\"width\":512,\"height\":512,\"caption\":\"Oficina Digital Smart+\"},\"image\":{\"@id\":\"https:\\\/\\\/ofcdigitalsmart.com\\\/#\\\/schema\\\/logo\\\/image\\\/\"}}]}<\/script>\n<!-- \/ Yoast SEO plugin. -->","yoast_head_json":{"title":"Blog de marketing digital e IA para neg\u00f3cios modernos &#8212; Oficina Digital Smart +","description":"Descubra o blog de marketing digital e ia para insights que ajudam a criar neg\u00f3cios mais eficientes e humanos.","robots":{"index":"index","follow":"follow","max-snippet":"max-snippet:-1","max-image-preview":"max-image-preview:large","max-video-preview":"max-video-preview:-1"},"canonical":"https:\/\/ofcdigitalsmart.com\/pt\/servicos-administrativo\/","og_locale":"pt_BR","og_type":"article","og_title":"Blog de marketing digital e IA para neg\u00f3cios modernos &#8212; Oficina Digital Smart +","og_description":"Descubra o blog de marketing digital e ia para insights que ajudam a criar neg\u00f3cios mais eficientes e humanos.","og_url":"https:\/\/ofcdigitalsmart.com\/pt\/servicos-administrativo\/","og_site_name":"Oficina Digital Smart +","article_modified_time":"2025-12-05T16:52:18+00:00","og_image":[{"width":512,"height":512,"url":"https:\/\/ofcdigitalsmart.com\/wp-content\/uploads\/2025\/11\/logo-fundo-transparente.png","type":"image\/png"}],"twitter_card":"summary_large_image","twitter_misc":{"Est. tempo de leitura":"1 minuto"},"schema":{"@context":"https:\/\/schema.org","@graph":[{"@type":"WebPage","@id":"https:\/\/ofcdigitalsmart.com\/servicos-administrativo\/","url":"https:\/\/ofcdigitalsmart.com\/servicos-administrativo\/","name":"Blog de marketing digital e IA para neg\u00f3cios modernos &#8212; Oficina Digital Smart +","isPartOf":{"@id":"https:\/\/ofcdigitalsmart.com\/#website"},"datePublished":"2025-12-04T12:16:00+00:00","dateModified":"2025-12-05T16:52:18+00:00","description":"Descubra o blog de marketing digital e ia para insights que ajudam a criar neg\u00f3cios mais eficientes e humanos.","breadcrumb":{"@id":"https:\/\/ofcdigitalsmart.com\/servicos-administrativo\/#breadcrumb"},"inLanguage":"pt-BR","potentialAction":[{"@type":"ReadAction","target":["https:\/\/ofcdigitalsmart.com\/servicos-administrativo\/"]}]},{"@type":"BreadcrumbList","@id":"https:\/\/ofcdigitalsmart.com\/servicos-administrativo\/#breadcrumb","itemListElement":[{"@type":"ListItem","position":1,"name":"In\u00edcio","item":"https:\/\/ofcdigitalsmart.com\/"},{"@type":"ListItem","position":2,"name":"Blog"}]},{"@type":"WebSite","@id":"https:\/\/ofcdigitalsmart.com\/#website","url":"https:\/\/ofcdigitalsmart.com\/","name":"Oficina Digital Smart+","description":"Experi\u00eancias digitais simples, personalizadas e focadas em resultados.","publisher":{"@id":"https:\/\/ofcdigitalsmart.com\/#organization"},"potentialAction":[{"@type":"SearchAction","target":{"@type":"EntryPoint","urlTemplate":"https:\/\/ofcdigitalsmart.com\/?s={search_term_string}"},"query-input":{"@type":"PropertyValueSpecification","valueRequired":true,"valueName":"search_term_string"}}],"inLanguage":"pt-BR"},{"@type":"Organization","@id":"https:\/\/ofcdigitalsmart.com\/#organization","name":"Oficina Digital Smart+","url":"https:\/\/ofcdigitalsmart.com\/","logo":{"@type":"ImageObject","inLanguage":"pt-BR","@id":"https:\/\/ofcdigitalsmart.com\/#\/schema\/logo\/image\/","url":"https:\/\/ofcdigitalsmart.com\/wp-content\/uploads\/2025\/11\/logo-oficial2-1.png","contentUrl":"https:\/\/ofcdigitalsmart.com\/wp-content\/uploads\/2025\/11\/logo-oficial2-1.png","width":512,"height":512,"caption":"Oficina Digital Smart+"},"image":{"@id":"https:\/\/ofcdigitalsmart.com\/#\/schema\/logo\/image\/"}}]}},"_links":{"self":[{"href":"https:\/\/ofcdigitalsmart.com\/pt\/wp-json\/wp\/v2\/pages\/3188","targetHints":{"allow":["GET"]}}],"collection":[{"href":"https:\/\/ofcdigitalsmart.com\/pt\/wp-json\/wp\/v2\/pages"}],"about":[{"href":"https:\/\/ofcdigitalsmart.com\/pt\/wp-json\/wp\/v2\/types\/page"}],"author":[{"embeddable":true,"href":"https:\/\/ofcdigitalsmart.com\/pt\/wp-json\/wp\/v2\/users\/1"}],"replies":[{"embeddable":true,"href":"https:\/\/ofcdigitalsmart.com\/pt\/wp-json\/wp\/v2\/comments?post=3188"}],"version-history":[{"count":93,"href":"https:\/\/ofcdigitalsmart.com\/pt\/wp-json\/wp\/v2\/pages\/3188\/revisions"}],"predecessor-version":[{"id":3585,"href":"https:\/\/ofcdigitalsmart.com\/pt\/wp-json\/wp\/v2\/pages\/3188\/revisions\/3585"}],"wp:attachment":[{"href":"https:\/\/ofcdigitalsmart.com\/pt\/wp-json\/wp\/v2\/media?parent=3188"}],"curies":[{"name":"wp","href":"https:\/\/api.w.org\/{rel}","templated":true}]}}